{"id":10186,"date":"2025-06-06T08:09:29","date_gmt":"2025-06-06T08:09:29","guid":{"rendered":"http:\/\/www.festiwalteatruotwartego.pl\/?page_id=10186"},"modified":"2025-06-06T08:16:34","modified_gmt":"2025-06-06T08:16:34","slug":"program-2024","status":"publish","type":"page","link":"http:\/\/www.festiwalteatruotwartego.pl\/?page_id=10186","title":{"rendered":"PROGRAM 2024"},"content":{"rendered":"\n<h2><a>26. Festiwal Teatru Otwartego \u2014 \u015bwidnicki rynek<\/a><\/h2>\n\n\n\n<p id=\"block-f1ebecdb-3b8d-44da-a5ea-cdc166eb05cf\">Festiwal Teatru Otwartego w dniach 12-13-14 lipca 2024 przeniesie nas w \u015bwiat wyobra\u017ani i emocji. Pozwoli zanurzy\u0107 si\u0119 w niezwyk\u0142ym \u015bwiecie artystycznych wizji. FTO to po\u0142\u0105czenie sztuki teatralnej i interakcji z widzami. Aktorzy, dzi\u0119ki swoim talentom aktorskim i umiej\u0119tno\u015bciom scenograficznym, potrafi\u0105 przenie\u015b\u0107 nas w zupe\u0142nie inne miejsce i czas, nawet na chwil\u0119 wyrwa\u0107 nas z codzienno\u015bci.<\/p>\n\n\n\n<p id=\"block-ef6cb2e4-9052-4ddc-ae0c-431192ca225b\"><strong>PI\u0104TEK \u2014 12 lipca<\/strong><br><br><strong>wa\u017cne: Spektakl \u201eZapomniana historia\u201d Teatru Ewolucji Cienia z powodu opad\u00f3w odb\u0119dzie si\u0119 w sali teatralnej o godz. 22:00.<\/strong><br><br>godz. 16.30\u201419.30 Integracyjny Plac Zabaw \u2013 Klaunikowa Fifi z Ekip\u0105 (plac c)<br>godz. 17.00 \u201eUlica 2.0\u201d Budka Kuglarska (plac a)<br>godz. 18.00 \u201eMorskie Opowie\u015bci\u201d Teatr \u0141ata (plac b)<br>godz.20.00 \u201eStrasne zecy, czyli kr\u00f3tka historia o w\u0142adzy, mi\u0142o\u015bci i d\u0105\u017ceniu do celu\u201d Teatr Zielona G\u0119\u015b z Dziennego Domu \u201eSenior-Wigor\u201d w \u015awidnicy<br>(sala teatralna)<br>godz. 21.30 \u201eZapomniana historia\u201d Teatr Ewolucji Cienia (plac a)<br><strong>spektakl przeniesiony na 22:00 do sali teatralnej \u015aOK<\/strong><br><br>wydarzenie towarzysz\u0105ce:<br>godz.19.00 Wernisa\u017c wystawy pokonkursowej Leica Street Photo<br>Galeria Fotografii, Rynek 44<br><br><strong>SOBOTA \u2014 13 lipca<\/strong><\/p>\n\n\n\n<p id=\"block-d856fa9d-6ed3-436e-b3e6-ac403ec9e0bf\">godz. 16.30\u201419.30 Integracyjny Plac Zabaw \u2013 Klaunikowa Fifi z Ekip\u0105 (plac c)<br>godz. 17.00 \u201eKuchnia Pana Lulka\u201d Cichy Teatr (plac a)<br>godz. 18.00 \u201eEko przygody\u201d Teatr Bajka (plac b)<br>godz. 19.30&nbsp;<s>\u201eZachcia\u0142o si\u0119 wom Kalwarii\u201d Polonijny Teatr \u201eGda\u0144ska\u201d z Oberhausen<\/s><br>\u201eSpektakl mo\u017ce zosta\u0107 przerwany\u201d Wojciech Parszewski (sala teatralna)*<br>godz. 21.30 \u201eNieproszeni\u201d Teatr Fuzja (plac a)<\/p>\n\n\n\n<p id=\"block-f72ba2be-2696-4e25-832f-4813a7732f2a\">wydarzenie towarzysz\u0105ce:<br>godz.12.00 Spacer \u015bladem mur\u00f3w obronnych poprowadzi Marzena Zi\u0119ba<br>miejsce zbi\u00f3rki pl. Grunwaldzki przy pomniku<br>zapisy na maila sok@sok.com.pl \/ <strong>[brak wolnych miejsc]<\/strong><br><br><strong>NIEDZIELA \u2014 14 lipca<\/strong><br><br>godz. 16.30\u201419.30 Integracyjny Plac Zabaw \u2013 Klaunikowa Fifi z Ekip\u0105 (plac c)<br>godz. 17.00 \u201eTu i teraz\u201d Rufi Rafi (plac a)<br>godz. 18.00 &#8222;Stare Dobre M.&#8221; OtoTo Teatr (plac b)<br>godz. 19.30 koncert zespo\u0142u MUNDINOVA lyric jazz\/ world\/alternative (sala teatralna)<br>godz. 21.30 \u201eKaspar\u201d Biuro Podr\u00f3\u017cy (plac a)<br><br>wydarzenie towarzysz\u0105ce:<br>godz.17.30 Wernisa\u017c wystawy fotografii Marka Szulikowskiego<br>Wie\u017ca Ratuszowa, ul. Wewn\u0119trzna 2<\/p>\n\n\n\n<p id=\"block-9d50b55f-47cc-408b-bda7-f9b4808eb359\">plac a \u2014 wej\u015bcie do biur \u015aOK przy s\u0142upie og\u0142oszeniowym<br>plac b \u2014 wej\u015bcie g\u0142\u00f3wne do Teatru<br>plac c \u2014 dziedziniec pod Wie\u017c\u0105 Ratuszow\u0105<br><br>*wydarzenie od 14 r.\u017c.<br><br><strong>wst\u0119p wolny na wszystkie wydarzenia<\/strong><\/p>\n\n\n\n<p id=\"block-09e0bef3-d5de-4f89-889b-df10fc1aadc6\">Program mo\u017ce ulec zmianie.<br>W przypadku deszczu spektakle b\u0119d\u0105 przenoszone w miar\u0119 mo\u017cliwo\u015bci do sali teatralnej \u015aOK lub Klubu Bolko.<\/p>\n\n\n\n<figure class=\"wp-block-image\" id=\"block-384d9bd4-af66-45d4-b1b2-3bd01b391b71\"><img src=\"http:\/\/www.festiwalteatruotwartego.pl\/wp-content\/uploads\/2024\/07\/A1_FTO_2024-1-723x1024.jpg\" alt=\"Obrazek posiada pusty atrybut alt; plik o nazwie A1_FTO_2024-1-723x1024.jpg\"\/><\/figure>\n","protected":false},"excerpt":{"rendered":"<p>26. Festiwal Teatru Otwartego \u2014 \u015bwidnicki rynek Festiwal Teatru Otwartego w dniach 12-13-14 lipca 2024 przeniesie nas w \u015bwiat wyobra\u017ani i emocji. Pozwoli zanurzy\u0107 si\u0119 w niezwyk\u0142ym \u015bwiecie artystycznych wizji. FTO to po\u0142\u0105czenie sztuki teatralnej i interakcji z widzami. Aktorzy, dzi\u0119ki swoim talentom aktorskim i umiej\u0119tno\u015bciom scenograficznym, potrafi\u0105 przenie\u015b\u0107 nas w zupe\u0142nie inne miejsce i czas, nawet na chwil\u0119 wyrwa\u0107 nas z codzienno\u015bci. PI\u0104TEK \u2014 12 lipca wa\u017cne: Spektakl \u201eZapomniana historia\u201d Teatru Ewolucji Cienia z powodu opad\u00f3w odb\u0119dzie si\u0119 w sali teatralnej o godz. 22:00. godz. 16.30\u201419.30 Integracyjny Plac Zabaw \u2013 Klaunikowa Fifi z Ekip\u0105 (plac c)godz. 17.00 \u201eUlica 2.0\u201d Budka Kuglarska (plac a)godz. 18.00 \u201eMorskie Opowie\u015bci\u201d Teatr \u0141ata (plac b)godz.20.00 \u201eStrasne zecy, czyli kr\u00f3tka historia o w\u0142adzy, mi\u0142o\u015bci i d\u0105\u017ceniu do celu\u201d Teatr Zielona G\u0119\u015b z Dziennego Domu \u201eSenior-Wigor\u201d w \u015awidnicy(sala teatralna)godz. 21.30 \u201eZapomniana historia\u201d Teatr Ewolucji Cienia (plac a)spektakl przeniesiony na 22:00 do sali teatralnej \u015aOK wydarzenie towarzysz\u0105ce:godz.19.00 Wernisa\u017c wystawy pokonkursowej Leica Street PhotoGaleria Fotografii, Rynek 44 SOBOTA \u2014 13 lipca godz. 16.30\u201419.30 Integracyjny Plac Zabaw \u2013 Klaunikowa Fifi z Ekip\u0105 (plac c)godz. 17.00 \u201eKuchnia Pana Lulka\u201d Cichy Teatr (plac a)godz. 18.00 \u201eEko przygody\u201d Teatr Bajka (plac b)godz. 19.30&nbsp;\u201eZachcia\u0142o si\u0119 wom Kalwarii\u201d Polonijny Teatr \u201eGda\u0144ska\u201d z Oberhausen\u201eSpektakl mo\u017ce zosta\u0107 przerwany\u201d Wojciech Parszewski (sala teatralna)*godz. 21.30 \u201eNieproszeni\u201d Teatr Fuzja (plac a) wydarzenie towarzysz\u0105ce:godz.12.00 Spacer \u015bladem mur\u00f3w obronnych poprowadzi Marzena Zi\u0119bamiejsce zbi\u00f3rki pl. Grunwaldzki przy pomnikuzapisy na maila sok@sok.com.pl \/ [brak wolnych miejsc] NIEDZIELA \u2014 14 lipca godz. 16.30\u201419.30 Integracyjny Plac Zabaw \u2013 Klaunikowa Fifi z Ekip\u0105 (plac c)godz. 17.00 \u201eTu i teraz\u201d Rufi Rafi (plac a)godz. 18.00 &#8222;Stare Dobre M.&#8221; OtoTo Teatr (plac b)godz. 19.30 koncert zespo\u0142u MUNDINOVA lyric jazz\/ world\/alternative (sala teatralna)godz. 21.30 \u201eKaspar\u201d Biuro Podr\u00f3\u017cy (plac a) wydarzenie towarzysz\u0105ce:godz.17.30 Wernisa\u017c wystawy fotografii Marka SzulikowskiegoWie\u017ca Ratuszowa, ul. Wewn\u0119trzna 2 plac a \u2014 wej\u015bcie do biur \u015aOK przy s\u0142upie og\u0142oszeniowymplac b \u2014 wej\u015bcie g\u0142\u00f3wne do Teatruplac c \u2014 dziedziniec pod Wie\u017c\u0105 Ratuszow\u0105 *wydarzenie od 14 r.\u017c. wst\u0119p wolny na wszystkie wydarzenia Program mo\u017ce ulec zmianie.W przypadku deszczu spektakle b\u0119d\u0105 przenoszone w miar\u0119 mo\u017cliwo\u015bci do sali teatralnej \u015aOK lub Klubu Bolko.<\/p>\n","protected":false},"author":2,"featured_media":0,"parent":0,"menu_order":0,"comment_status":"closed","ping_status":"closed","template":"","meta":{"ngg_post_thumbnail":0},"_links":{"self":[{"href":"http:\/\/www.festiwalteatruotwartego.pl\/index.php?rest_route=\/wp\/v2\/pages\/10186"}],"collection":[{"href":"http:\/\/www.festiwalteatruotwartego.pl\/index.php?rest_route=\/wp\/v2\/pages"}],"about":[{"href":"http:\/\/www.festiwalteatruotwartego.pl\/index.php?rest_route=\/wp\/v2\/types\/page"}],"author":[{"embeddable":true,"href":"http:\/\/www.festiwalteatruotwartego.pl\/index.php?rest_route=\/wp\/v2\/users\/2"}],"replies":[{"embeddable":true,"href":"http:\/\/www.festiwalteatruotwartego.pl\/index.php?rest_route=%2Fwp%2Fv2%2Fcomments&post=10186"}],"version-history":[{"count":3,"href":"http:\/\/www.festiwalteatruotwartego.pl\/index.php?rest_route=\/wp\/v2\/pages\/10186\/revisions"}],"predecessor-version":[{"id":10192,"href":"http:\/\/www.festiwalteatruotwartego.pl\/index.php?rest_route=\/wp\/v2\/pages\/10186\/revisions\/10192"}],"wp:attachment":[{"href":"http:\/\/www.festiwalteatruotwartego.pl\/index.php?rest_route=%2Fwp%2Fv2%2Fmedia&parent=10186"}],"curies":[{"name":"wp","href":"https:\/\/api.w.org\/{rel}","templated":true}]}}