{"id":10708,"date":"2026-02-18T08:45:32","date_gmt":"2026-02-18T08:45:32","guid":{"rendered":"http:\/\/www.festiwalteatruotwartego.pl\/?page_id=10708"},"modified":"2026-02-18T08:45:32","modified_gmt":"2026-02-18T08:45:32","slug":"program-2025","status":"publish","type":"page","link":"http:\/\/www.festiwalteatruotwartego.pl\/?page_id=10708","title":{"rendered":"PROGRAM 2025"},"content":{"rendered":"\n<p><strong>27. Festiwal Teatru Otwartego<\/strong><\/p>\n\n\n\n<p><strong>PI\u0104TEK \u2014 11 lipca<\/strong><\/p>\n\n\n\n<p><strong>godz. 16.30\u201419.30<\/strong>&nbsp; Profilaktyka i teatr \u2013 Klaunikowa Fifi z Ekip\u0105<br><strong>godz. 17.00<\/strong>&nbsp; \u201eCyrkowy casting\u201d Cichy Teatr<br><strong>godz. 18.00<\/strong>&nbsp; \u201e\u015awinki na wypasie\u201d Teatr Bajka<br><strong>godz. 21.30<\/strong>&nbsp;\u201eMonsieur Charlie\u201d Teatr HoM&nbsp;\u2192 Klub Bolko, pl. Grunwaldzki 11<\/p>\n\n\n\n<p>wydarzenia towarzysz\u0105ce:<br>godz.17.30 Wernisa\u017c wystawy pokonkursowej Leica Street Photo \/Wie\u017ca Ratuszowa\/<br>godz.19.30 Wernisa\u017c prac Grzegorza Wo\u017anego \/Galeria Fotografii, Rynek 44\/<\/p>\n\n\n\n<p><strong>SOBOTA \u2014 12 lipca<\/strong><\/p>\n\n\n\n<p><strong>godz. 16.30\u201419.30<\/strong>&nbsp; Profilaktyka i teatr \u2013 Klaunikowa Fifi z Ekip\u0105<br><strong>godz. 17.00<\/strong>&nbsp;&nbsp;&nbsp;&nbsp;\u201ePan i Pani O\u201d Teatr Mimo&nbsp;<br><strong>godz. 18.00<\/strong>&nbsp;&nbsp;&nbsp; \u201eShow\u201d Mr &amp; Mrs Frantic\u201d<br><strong>godz. 19.30<\/strong>&nbsp; &nbsp;&nbsp;\u201eLekcja\u201d Teatr HoM<br><strong>godz. 21.30<\/strong>&nbsp; \u201eCyrkowe kolory\u201d Lwowski Teatr&nbsp;Vuala<\/p>\n\n\n\n<p><strong>NIEDZIELA \u2014 13 lipca<\/strong><\/p>\n\n\n\n<p><strong>godz. 16.30\u201419.30<\/strong>&nbsp; Profilaktyka i teatr \u2013 Klaunikowa Fifi z Ekip\u0105<br><strong>godz. 17.00<\/strong>&nbsp;&nbsp; \u201eCircus show \u201d Rufi Rafi&nbsp;&nbsp;<br><strong>godz. 18.00<\/strong>&nbsp; \u201eChaplin Show\u201d&nbsp; Mr Franto Frantic<br><strong>godz. 19.30<\/strong>&nbsp; \u201eS\u0142owia\u0144skie opowie\u015bci\u201d \u2013 Alia Kubicz i Witold Kowaliszyn<br><strong>godz. 21.30<\/strong>&nbsp;&nbsp;\u201eBlackout\u201d &nbsp;Teatr Fuzja<\/p>\n\n\n\n<p><em>Spektakle odbywaj\u0105 si\u0119 na Rynku<br>Profilatyka i teatr \u2013 Klaunikowa Fifi z Ekip\u0105 \u2013 Dziedziniec pod Wie\u017c\u0105 Ratuszow\u0105<br><br>wst\u0119p wolny na wszystkie wydarzenia<br>Program mo\u017ce ulec zmianie<br>W przypadku deszczu spektakle b\u0119d\u0105 przenoszone w miar\u0119 mo\u017cliwo\u015bci do Klubu Bolko Pl. Grunwaldzki 11<\/em><\/p>\n\n\n\n<p>wydarzenia towarzysz\u0105ce:<br>godz. 12.00 Spacer&nbsp; pt. \u201eRynkowe Tajemnice\u201d poprowadzi Marzena Zi\u0119ba<br>zapisy na maila sok@sok.com.pl&nbsp;[brak wolnych miejsc]<\/p>\n\n\n\n<p><strong>Klaunikowa Fifi z Ekip\u0105<\/strong>&nbsp;to sprawdzony zesp\u00f3\u0142 animator\u00f3w, kt\u00f3rzy na co dzie\u0144 pracuj\u0105 z dzie\u0107mi w szko\u0142ach, przedszkolach oraz r\u00f3\u017cnego rodzaju plac\u00f3wkach i organizacjach. To do\u015bwiadczeni i kreatywni specjali\u015bci od dobrej zabawy i warto\u015bciowej edukacji poprzez ruch, \u015bmiech i sztuk\u0119. W ramach wydarzenia zapraszaj\u0105&nbsp;<strong>dzieci wraz z rodzicami<\/strong>&nbsp;do udzia\u0142u w radosnych animacjach, warsztatach oraz zabawach tanecznych i para-cyrkowych \u2013 wszystko w duchu profilaktyki i budowania zdrowych relacji. Dodatkowo,&nbsp;<strong>w niedziel\u0119<\/strong>&nbsp;b\u0119dzie mo\u017cna skorzysta\u0107 z&nbsp;<strong>psychologicznego punktu konsultacyjnego<\/strong>, w kt\u00f3rym rodzice uzyskaj\u0105 wsparcie i porady dotycz\u0105ce wychowania, emocji i rozwoju dzieci.&nbsp;&nbsp;&nbsp;<a href=\"https:\/\/www.facebook.com\/klaunfifi\/?locale=pl_PL\">https:\/\/www.facebook.com\/klaunfifi\/?locale=pl_PL<\/a><\/p>\n\n\n\n<p><strong>Cichy Teatr&nbsp;<\/strong>powsta\u0142 z po\u0142\u0105czenia pasji do teatru i cyrku. Od wielu lat w ramach swojej dzia\u0142alno\u015bci prowadzi dzia\u0142ania z pedagogiki teatru i cyrku, tworzy parady i spektakle. Najwa\u017cniejsza dla teatru jest sztuka i edukowanie w tym wymiarze.&nbsp;<strong>Spektakl \u201e Cyrkowy Casting\u201d<\/strong>&nbsp;jest to historia przyg\u00f3d Tobiego, i jego trupy cyrkowej. Zobaczymy wiele niebezpiecznych i mro\u017c\u0105cych krew w \u017cy\u0142ach numer\u00f3w cyrkowych, takich jak chodzenie po linie czy po\u0142ykanie ognia.&nbsp;&nbsp;<a href=\"https:\/\/www.facebook.com\/p\/Cichy-Teatr-100063802680258\/\">https:\/\/www.facebook.com\/p\/Cichy-Teatr-100063802680258\/<\/a><\/p>\n\n\n\n<p><strong>Teatr Bajka&nbsp;<\/strong>Lalkowy, autorski teatr&nbsp;Bo\u017ceny Olizarowicz \u2013 lalkarki, aktorki, wokalistki, animatorki, re\u017cyserki i producentki spektakli. Skoncentrowany na edukacji teatralnej widowni dzieci\u0119cej. Jego celem jest dba\u0142o\u015b\u0107 o zachowanie klasycznego teatru lalkowego.&nbsp;<strong>Spektakl&nbsp;\u201e\u015awinki na wypasie\u201d<\/strong>&nbsp;to weso\u0142a, roz\u015bpiewana&nbsp; i rozta\u0144czona historia, o dzieci\u0119cych&nbsp; zabawach w domu, przedszkolu czy na podw\u00f3rku. Jak ka\u017cde beztroskie dziecko tak i bohaterowie z naszej opowie\u015bci chc\u0105 mie\u0107 wszystko, ale bez wysi\u0142ku.<\/p>\n\n\n\n<p><strong>Teatr HoM<\/strong>&nbsp;to projekt integruj\u0105cy artyst\u00f3w eksploruj\u0105cych r\u00f3\u017cne formy teatralne, performance, muzyczne i ich wypadkowe<strong>. \u201eMonsieur Charlie\u201d<\/strong>&nbsp; to ho\u0142d z\u0142o\u017cony Charliemu Chaplinowi. Spektakl to 3 etiudy komiczne utrzymane w estetyce niemego kina z muzyk\u0105 gran\u0105 na \u017cywo przez tapera.&nbsp;&nbsp;<a href=\"https:\/\/teatrhom.pl\/\">https:\/\/teatrhom.pl\/<\/a><\/p>\n\n\n\n<p><strong>Teatr Pantomimy Mimo<\/strong>&nbsp;za\u0142o\u017cony w 2002 r. jako teatr jednego aktora szybko przekszta\u0142ci\u0142 si\u0119 w zesp\u00f3\u0142. Poszukiwania artystyczne aktor\u00f3w Teatru Mimo zaowocowa\u0142y wypracowaniem charakterystycznego dla nich j\u0119zyka teatralnego.&nbsp;<strong>Spektakl \u201ePan i Pani O\u201d<\/strong>&nbsp;opowiada histori\u0119 Pana O mieszkaj\u0105cego na wyspie zbudowanej z marze\u0144, wspomnie\u0144 i zapomnianych historii. My\u015bli, \u017ce na \u015bwiecie zosta\u0142 sam. Gdzie\u015b daleko mieszka Pani O., marz\u0105c o mi\u0142o\u015bci. Jest przekonana, \u017ce na \u015bwiecie zosta\u0142a sama. Jeden list, jedna chwila zmienia w ich \u017cyciu wszystko.&nbsp;<a href=\"https:\/\/www.teatrmimo.pl\/\">https:\/\/www.teatrmimo.pl\/<\/a><\/p>\n\n\n\n<p>Podczas wydarzenia wyst\u0105pi&nbsp;<strong>Mr &amp; Mrs Frantic<\/strong>&nbsp;\u2013 wyj\u0105tkowy duet artystyczny tworzony przez&nbsp;<strong>Matyld\u0119 G\u00f3rsk\u0105<\/strong>&nbsp;i&nbsp;<strong>Franto Frantica<\/strong>. Zaprezentuj\u0105 oni sw\u00f3j autorski spektakl&nbsp;<strong>\u201eMr &amp; Mrs Frantic Show\u201d<\/strong>&nbsp;\u2013 opowie\u015b\u0107 o niezwyk\u0142ej przyja\u017ani cyrkowej lalki i osobliwego klauna. Ich historia rozpoczyna si\u0119 od zabawnych nieporozumie\u0144, by stopniowo ods\u0142ania\u0107 wachlarz imponuj\u0105cych umiej\u0119tno\u015bci: od ta\u0144ca z hula hop, przez manipulacj\u0119 kryszta\u0142ow\u0105 kul\u0105, a\u017c po efektowne kr\u0119cenie ogniem. Wszystko to okraszone jest komicznymi scenkami, klaunad\u0105 oraz interaktywnymi momentami z udzia\u0142em publiczno\u015bci. Spektakl \u0142\u0105czy w sobie cyrkow\u0105 finezj\u0119 i humor, gwarantuj\u0105c rozrywk\u0119 dla widz\u00f3w w ka\u017cdym wieku.&nbsp;&nbsp;<a href=\"https:\/\/www.facebook.com\/franticfamily\/\">https:\/\/www.facebook.com\/franticfamily\/<\/a><\/p>\n\n\n\n<p><strong>Teatr HoM<\/strong>&nbsp;to projekt integruj\u0105cy artyst\u00f3w eksploruj\u0105cych r\u00f3\u017cne formy teatralne, performance, muzyczne i ich wypadkowe<strong>. \u201eLekcja\u201d&nbsp;<\/strong>to minispektakl, kt\u00f3ry z przymru\u017ceniem oka opowiada o dw\u00f3jce aktor\u00f3w reprezentuj\u0105cych dwa r\u00f3\u017cne \u015bwiaty sztuki scenicznej. Aktorka dramatyczna Zosia i mim Pierrot pokazuj\u0105 r\u00f3\u017cnice pomi\u0119dzy dyscyplinami, kt\u00f3re reprezentuj\u0105. Zapraszaj\u0105 przy tym do wsp\u00f3lnej warsztatowej zabawy i zdobywania pierwszych szlif\u00f3w w szlachetnej sztuce pantomimy.&nbsp;&nbsp;<a href=\"https:\/\/teatrhom.pl\/\">https:\/\/teatrhom.pl\/<\/a><br><strong><br>Teatr Cyrkowy Vuala<\/strong>&nbsp;\u2013 niezwyk\u0142a formacja artystyczna za\u0142o\u017cona we Lwowie w 2019 roku pod kierownictwem&nbsp;<strong>Jurija Pylypczuka<\/strong>. Tworz\u0105 go arty\u015bci reprezentuj\u0105cy r\u00f3\u017cne dziedziny sztuki \u2013 od teatru, przez taniec, po cyrk. Zaprezentuj\u0105 oni spektakl&nbsp;<strong>\u201eCyrkowe kolory\u201d<\/strong>&nbsp;\u2013 barwne widowisko \u0142\u0105cz\u0105ce elementy teatru, cyrku i ta\u0144ca. W programie znalaz\u0142y si\u0119 komediowe sceny, imponuj\u0105ce cyrkowe sztuczki, pokazy ekwilibrystyki, akrobatyki i gimnastyki artystycznej, a tak\u017ce efektowne ta\u0144ce na szczud\u0142ach. Ca\u0142o\u015b\u0107 utrzymana jest w lekkiej, humorystycznej konwencji, z aktywnym udzia\u0142em publiczno\u015bci, co tworzy wyj\u0105tkow\u0105 atmosfer\u0119 rado\u015bci i wsp\u00f3lnej zabawy.&nbsp;&nbsp;&nbsp;<a href=\"https:\/\/www.instagram.com\/vualacircustheather\/\">https:\/\/www.instagram.com\/vualacircustheather\/<\/a><\/p>\n\n\n\n<p><strong>Rufi Rafi<\/strong>&nbsp;\u2013 Klaun, performer, terapeuta. Od ma\u0142ego zafascynowany cyrkiem: ogl\u0105da\u0142 wszystkie retransmisje gal w Monte Carlo i przesiadywa\u0142 godzinami przy namiocie cyrkowym, gdy cyrk odwiedza\u0142 jego miasto. Niedosz\u0142y kaskader i muzyk (zawsze ch\u0119tnie b\u0119bni, gdy zajdzie potrzeba i nieustaj\u0105co uczy si\u0119 \u015bpiewa\u0107).&nbsp;<strong>Circus Show&nbsp;<\/strong>to skrzynia pe\u0142na starych zabawek\u2026 Zabawek? Czy mo\u017ce artyst\u00f3w cyrkowych? Jedno jest pewne: Panie, Panowie, cyrk przyjecha\u0142! Zabawki-arty\u015bci, Klaun Rufi Rafi i muzyka na \u017cywo.&nbsp;&nbsp;<a href=\"https:\/\/www.facebook.com\/p\/Rufi-Rafi-100064002132161\/\">https:\/\/www.facebook.com\/p\/Rufi-Rafi-100064002132161\/<\/a><\/p>\n\n\n\n<p><strong>Mr Franto Frantic&nbsp;<\/strong>od 25 lat zajmuje si\u0119 komedi\u0105, muzyk\u0105, pantomim\u0105, pracowa\u0142 przez wiele lat jako klaun w szpitalu.<strong>&nbsp;\u201eChaplin Show\u201d<\/strong>&nbsp;to solowy komediowy spektakl Romano dla du\u017cych i ma\u0142ych, gdzie artysta&nbsp;wciela si\u0119 w Charliego Chaplina i wykonuje r\u00f3\u017cne gagi z publiczno\u015bci\u0105.&nbsp;<\/p>\n\n\n\n<p><strong>\u201eS\u0142owia\u0144skie opowie\u015bci\u201d<\/strong>&nbsp;to historie pe\u0142ne pi\u0119kna, magii i humoru, kt\u00f3re przenios\u0105 s\u0142uchaczy w \u015bwiat s\u0142owia\u0144skich legend i ba\u015bni. W tym magicznym spektaklu us\u0142yszymy opowie\u015bci pe\u0142ne tajemnic, refleksji i niezwyk\u0142ych przyg\u00f3d, kt\u00f3re o\u017cywi\u0105 dawne historie i pozwol\u0105 na chwil\u0119 zanurzy\u0107 si\u0119 w atmosferze dawnej wsi, gdzie codzienne \u017cycie splata\u0142o si\u0119 z mistycznymi si\u0142ami natury. A to niezwyk\u0142e spotkanie wprowadzi&nbsp;<strong>Alia Kubicz<\/strong>, opowiadaczka historii. Towarzyszy\u0107 jej b\u0119dzie multiinstrumentalista&nbsp;<strong>Witold Kowaliszyn<\/strong>, kt\u00f3rego muzyka dope\u0142ni ka\u017cd\u0105 opowie\u015b\u0107, buduj\u0105c nastr\u00f3j i wprowadzaj\u0105c w magiczn\u0105 atmosfer\u0119.&nbsp;<\/p>\n\n\n\n<p><strong>Teatr Fuzja<\/strong><\/p>\n\n\n\n<p><strong>Teatr Fuzja<\/strong>&nbsp;to fuzja ruchu, d\u017awi\u0119ku, obrazu, rytmu i s\u0142owa, to j\u0119zyk teatru.&nbsp;<strong>Blackout&nbsp;<\/strong>to opowie\u015b\u0107 o \u015bwiecie wyros\u0142ym na gruzach cywilizacji pozbawionej energii elektrycznej. Pe\u0142na elektronicznych brzmie\u0144, akrobatyki i p\u0119du. Walka ludzko\u015bci o przetrwanie na \u015bmieciach cywilizacji prowadzi widza do dzikiej post apokaliptycznej wizji \u015bwiata, gdzie najwa\u017cniejsz\u0105 walut\u0105 sta\u0142y si\u0119 resztki energii wyskrobane z dna akumulator\u00f3w. &nbsp;&nbsp;&nbsp;<a href=\"https:\/\/www.facebook.com\/TFteatrfuzja\/?locale=pl_PL\">https:\/\/www.facebook.com\/TFteatrfuzja\/?locale=pl_PL<\/a><\/p>\n","protected":false},"excerpt":{"rendered":"<p>27. Festiwal Teatru Otwartego PI\u0104TEK \u2014 11 lipca godz. 16.30\u201419.30&nbsp; Profilaktyka i teatr \u2013 Klaunikowa Fifi z Ekip\u0105godz. 17.00&nbsp; \u201eCyrkowy casting\u201d Cichy Teatrgodz. 18.00&nbsp; \u201e\u015awinki na wypasie\u201d Teatr Bajkagodz. 21.30&nbsp;\u201eMonsieur Charlie\u201d Teatr HoM&nbsp;\u2192 Klub Bolko, pl. Grunwaldzki 11 wydarzenia towarzysz\u0105ce:godz.17.30 Wernisa\u017c wystawy pokonkursowej Leica Street Photo \/Wie\u017ca Ratuszowa\/godz.19.30 Wernisa\u017c prac Grzegorza Wo\u017anego \/Galeria Fotografii, Rynek 44\/ SOBOTA \u2014 12 lipca godz. 16.30\u201419.30&nbsp; Profilaktyka i teatr \u2013 Klaunikowa Fifi z Ekip\u0105godz. 17.00&nbsp;&nbsp;&nbsp;&nbsp;\u201ePan i Pani O\u201d Teatr Mimo&nbsp;godz. 18.00&nbsp;&nbsp;&nbsp; \u201eShow\u201d Mr &amp; Mrs Frantic\u201dgodz. 19.30&nbsp; &nbsp;&nbsp;\u201eLekcja\u201d Teatr HoMgodz. 21.30&nbsp; \u201eCyrkowe kolory\u201d Lwowski Teatr&nbsp;Vuala NIEDZIELA \u2014 13 lipca godz. 16.30\u201419.30&nbsp; Profilaktyka i teatr \u2013 Klaunikowa Fifi z Ekip\u0105godz. 17.00&nbsp;&nbsp; \u201eCircus show \u201d Rufi Rafi&nbsp;&nbsp;godz. 18.00&nbsp; \u201eChaplin Show\u201d&nbsp; Mr Franto Franticgodz. 19.30&nbsp; \u201eS\u0142owia\u0144skie opowie\u015bci\u201d \u2013 Alia Kubicz i Witold Kowaliszyngodz. 21.30&nbsp;&nbsp;\u201eBlackout\u201d &nbsp;Teatr Fuzja Spektakle odbywaj\u0105 si\u0119 na RynkuProfilatyka i teatr \u2013 Klaunikowa Fifi z Ekip\u0105 \u2013 Dziedziniec pod Wie\u017c\u0105 Ratuszow\u0105 wst\u0119p wolny na wszystkie wydarzeniaProgram mo\u017ce ulec zmianieW przypadku deszczu spektakle b\u0119d\u0105 przenoszone w miar\u0119 mo\u017cliwo\u015bci do Klubu Bolko Pl. Grunwaldzki 11 wydarzenia towarzysz\u0105ce:godz. 12.00 Spacer&nbsp; pt. \u201eRynkowe Tajemnice\u201d poprowadzi Marzena Zi\u0119bazapisy na maila sok@sok.com.pl&nbsp;[brak wolnych miejsc] Klaunikowa Fifi z Ekip\u0105&nbsp;to sprawdzony zesp\u00f3\u0142 animator\u00f3w, kt\u00f3rzy na co dzie\u0144 pracuj\u0105 z dzie\u0107mi w szko\u0142ach, przedszkolach oraz r\u00f3\u017cnego rodzaju plac\u00f3wkach i organizacjach. To do\u015bwiadczeni i kreatywni specjali\u015bci od dobrej zabawy i warto\u015bciowej edukacji poprzez ruch, \u015bmiech i sztuk\u0119. W ramach wydarzenia zapraszaj\u0105&nbsp;dzieci wraz z rodzicami&nbsp;do udzia\u0142u w radosnych animacjach, warsztatach oraz zabawach tanecznych i para-cyrkowych \u2013 wszystko w duchu profilaktyki i budowania zdrowych relacji. Dodatkowo,&nbsp;w niedziel\u0119&nbsp;b\u0119dzie mo\u017cna skorzysta\u0107 z&nbsp;psychologicznego punktu konsultacyjnego, w kt\u00f3rym rodzice uzyskaj\u0105 wsparcie i porady dotycz\u0105ce wychowania, emocji i rozwoju dzieci.&nbsp;&nbsp;&nbsp;https:\/\/www.facebook.com\/klaunfifi\/?locale=pl_PL Cichy Teatr&nbsp;powsta\u0142 z po\u0142\u0105czenia pasji do teatru i cyrku. Od wielu lat w ramach swojej dzia\u0142alno\u015bci prowadzi dzia\u0142ania z pedagogiki teatru i cyrku, tworzy parady i spektakle. Najwa\u017cniejsza dla teatru jest sztuka i edukowanie w tym wymiarze.&nbsp;Spektakl \u201e Cyrkowy Casting\u201d&nbsp;jest to historia przyg\u00f3d Tobiego, i jego trupy cyrkowej. Zobaczymy wiele niebezpiecznych i mro\u017c\u0105cych krew w \u017cy\u0142ach numer\u00f3w cyrkowych, takich jak chodzenie po linie czy po\u0142ykanie ognia.&nbsp;&nbsp;https:\/\/www.facebook.com\/p\/Cichy-Teatr-100063802680258\/ Teatr Bajka&nbsp;Lalkowy, autorski teatr&nbsp;Bo\u017ceny Olizarowicz \u2013 lalkarki, aktorki, wokalistki, animatorki, re\u017cyserki i producentki spektakli. Skoncentrowany na edukacji teatralnej widowni dzieci\u0119cej. Jego celem jest dba\u0142o\u015b\u0107 o zachowanie klasycznego teatru lalkowego.&nbsp;Spektakl&nbsp;\u201e\u015awinki na wypasie\u201d&nbsp;to weso\u0142a, roz\u015bpiewana&nbsp; i rozta\u0144czona historia, o dzieci\u0119cych&nbsp; zabawach w domu, przedszkolu czy na podw\u00f3rku. Jak ka\u017cde beztroskie dziecko tak i bohaterowie z naszej opowie\u015bci chc\u0105 mie\u0107 wszystko, ale bez wysi\u0142ku. Teatr HoM&nbsp;to projekt integruj\u0105cy artyst\u00f3w eksploruj\u0105cych r\u00f3\u017cne formy teatralne, performance, muzyczne i ich wypadkowe. \u201eMonsieur Charlie\u201d&nbsp; to ho\u0142d z\u0142o\u017cony Charliemu Chaplinowi. Spektakl to 3 etiudy komiczne utrzymane w estetyce niemego kina z muzyk\u0105 gran\u0105 na \u017cywo przez tapera.&nbsp;&nbsp;https:\/\/teatrhom.pl\/ Teatr Pantomimy Mimo&nbsp;za\u0142o\u017cony w 2002 r. jako teatr jednego aktora szybko przekszta\u0142ci\u0142 si\u0119 w zesp\u00f3\u0142. Poszukiwania artystyczne aktor\u00f3w Teatru Mimo zaowocowa\u0142y wypracowaniem charakterystycznego dla nich j\u0119zyka teatralnego.&nbsp;Spektakl \u201ePan i Pani O\u201d&nbsp;opowiada histori\u0119 Pana O mieszkaj\u0105cego na wyspie zbudowanej z marze\u0144, wspomnie\u0144 i zapomnianych historii. My\u015bli, \u017ce na \u015bwiecie zosta\u0142 sam. Gdzie\u015b daleko mieszka Pani O., marz\u0105c o mi\u0142o\u015bci. Jest przekonana, \u017ce na \u015bwiecie zosta\u0142a sama. Jeden list, jedna chwila zmienia w ich \u017cyciu wszystko.&nbsp;https:\/\/www.teatrmimo.pl\/ Podczas wydarzenia wyst\u0105pi&nbsp;Mr &amp; Mrs Frantic&nbsp;\u2013 wyj\u0105tkowy duet artystyczny tworzony przez&nbsp;Matyld\u0119 G\u00f3rsk\u0105&nbsp;i&nbsp;Franto Frantica. Zaprezentuj\u0105 oni sw\u00f3j autorski spektakl&nbsp;\u201eMr &amp; Mrs Frantic Show\u201d&nbsp;\u2013 opowie\u015b\u0107 o niezwyk\u0142ej przyja\u017ani cyrkowej lalki i osobliwego klauna. Ich historia rozpoczyna si\u0119 od zabawnych nieporozumie\u0144, by stopniowo ods\u0142ania\u0107 wachlarz imponuj\u0105cych umiej\u0119tno\u015bci: od ta\u0144ca z hula hop, przez manipulacj\u0119 kryszta\u0142ow\u0105 kul\u0105, a\u017c po efektowne kr\u0119cenie ogniem. Wszystko to okraszone jest komicznymi scenkami, klaunad\u0105 oraz interaktywnymi momentami z udzia\u0142em publiczno\u015bci. Spektakl \u0142\u0105czy w sobie cyrkow\u0105 finezj\u0119 i humor, gwarantuj\u0105c rozrywk\u0119 dla widz\u00f3w w ka\u017cdym wieku.&nbsp;&nbsp;https:\/\/www.facebook.com\/franticfamily\/ Teatr HoM&nbsp;to projekt integruj\u0105cy artyst\u00f3w eksploruj\u0105cych r\u00f3\u017cne formy teatralne, performance, muzyczne i ich wypadkowe. \u201eLekcja\u201d&nbsp;to minispektakl, kt\u00f3ry z przymru\u017ceniem oka opowiada o dw\u00f3jce aktor\u00f3w reprezentuj\u0105cych dwa r\u00f3\u017cne \u015bwiaty sztuki scenicznej. Aktorka dramatyczna Zosia i mim Pierrot pokazuj\u0105 r\u00f3\u017cnice pomi\u0119dzy dyscyplinami, kt\u00f3re reprezentuj\u0105. Zapraszaj\u0105 przy tym do wsp\u00f3lnej warsztatowej zabawy i zdobywania pierwszych szlif\u00f3w w szlachetnej sztuce pantomimy.&nbsp;&nbsp;https:\/\/teatrhom.pl\/Teatr Cyrkowy Vuala&nbsp;\u2013 niezwyk\u0142a formacja artystyczna za\u0142o\u017cona we Lwowie w 2019 roku pod kierownictwem&nbsp;Jurija Pylypczuka. Tworz\u0105 go arty\u015bci reprezentuj\u0105cy r\u00f3\u017cne dziedziny sztuki \u2013 od teatru, przez taniec, po cyrk. Zaprezentuj\u0105 oni spektakl&nbsp;\u201eCyrkowe kolory\u201d&nbsp;\u2013 barwne widowisko \u0142\u0105cz\u0105ce elementy teatru, cyrku i ta\u0144ca. W programie znalaz\u0142y si\u0119 komediowe sceny, imponuj\u0105ce cyrkowe sztuczki, pokazy ekwilibrystyki, akrobatyki i gimnastyki artystycznej, a tak\u017ce efektowne ta\u0144ce na szczud\u0142ach. Ca\u0142o\u015b\u0107 utrzymana jest w lekkiej, humorystycznej konwencji, z aktywnym udzia\u0142em publiczno\u015bci, co tworzy wyj\u0105tkow\u0105 atmosfer\u0119 rado\u015bci i wsp\u00f3lnej zabawy.&nbsp;&nbsp;&nbsp;https:\/\/www.instagram.com\/vualacircustheather\/ Rufi Rafi&nbsp;\u2013 Klaun, performer, terapeuta. Od ma\u0142ego zafascynowany cyrkiem: ogl\u0105da\u0142 wszystkie retransmisje gal w Monte Carlo i przesiadywa\u0142 godzinami przy namiocie cyrkowym, gdy cyrk odwiedza\u0142 jego miasto. Niedosz\u0142y kaskader i muzyk (zawsze ch\u0119tnie b\u0119bni, gdy zajdzie potrzeba i nieustaj\u0105co uczy si\u0119 \u015bpiewa\u0107).&nbsp;Circus Show&nbsp;to skrzynia pe\u0142na starych zabawek\u2026 Zabawek? Czy mo\u017ce artyst\u00f3w cyrkowych? Jedno jest pewne: Panie, Panowie, cyrk przyjecha\u0142! Zabawki-arty\u015bci, Klaun Rufi Rafi i muzyka na \u017cywo.&nbsp;&nbsp;https:\/\/www.facebook.com\/p\/Rufi-Rafi-100064002132161\/ Mr Franto Frantic&nbsp;od 25 lat zajmuje si\u0119 komedi\u0105, muzyk\u0105, pantomim\u0105, pracowa\u0142 przez wiele lat jako klaun w szpitalu.&nbsp;\u201eChaplin Show\u201d&nbsp;to solowy komediowy spektakl Romano dla du\u017cych i ma\u0142ych, gdzie artysta&nbsp;wciela si\u0119 w Charliego Chaplina i wykonuje r\u00f3\u017cne gagi z publiczno\u015bci\u0105.&nbsp; \u201eS\u0142owia\u0144skie opowie\u015bci\u201d&nbsp;to historie pe\u0142ne pi\u0119kna, magii i humoru, kt\u00f3re przenios\u0105 s\u0142uchaczy w \u015bwiat s\u0142owia\u0144skich legend i ba\u015bni. W tym magicznym spektaklu us\u0142yszymy opowie\u015bci pe\u0142ne tajemnic, refleksji i niezwyk\u0142ych przyg\u00f3d, kt\u00f3re o\u017cywi\u0105 dawne historie i pozwol\u0105 na chwil\u0119 zanurzy\u0107 si\u0119 w atmosferze dawnej wsi, gdzie codzienne \u017cycie splata\u0142o si\u0119 z mistycznymi si\u0142ami natury. A to niezwyk\u0142e spotkanie wprowadzi&nbsp;Alia Kubicz, opowiadaczka historii. Towarzyszy\u0107 jej b\u0119dzie multiinstrumentalista&nbsp;Witold Kowaliszyn, kt\u00f3rego muzyka dope\u0142ni ka\u017cd\u0105 opowie\u015b\u0107, buduj\u0105c nastr\u00f3j i wprowadzaj\u0105c w magiczn\u0105 atmosfer\u0119.&nbsp; Teatr Fuzja Teatr Fuzja&nbsp;to fuzja ruchu, d\u017awi\u0119ku, obrazu, rytmu i s\u0142owa, to j\u0119zyk teatru.&nbsp;Blackout&nbsp;to opowie\u015b\u0107 o \u015bwiecie wyros\u0142ym na gruzach cywilizacji pozbawionej energii elektrycznej. Pe\u0142na elektronicznych brzmie\u0144, akrobatyki i p\u0119du. Walka ludzko\u015bci o przetrwanie na \u015bmieciach cywilizacji prowadzi widza do dzikiej post apokaliptycznej wizji \u015bwiata, gdzie najwa\u017cniejsz\u0105 walut\u0105 sta\u0142y si\u0119 resztki energii wyskrobane z dna akumulator\u00f3w. &nbsp;&nbsp;&nbsp;https:\/\/www.facebook.com\/TFteatrfuzja\/?locale=pl_PL<\/p>\n","protected":false},"author":2,"featured_media":0,"parent":0,"menu_order":0,"comment_status":"closed","ping_status":"closed","template":"","meta":{"ngg_post_thumbnail":0},"_links":{"self":[{"href":"http:\/\/www.festiwalteatruotwartego.pl\/index.php?rest_route=\/wp\/v2\/pages\/10708"}],"collection":[{"href":"http:\/\/www.festiwalteatruotwartego.pl\/index.php?rest_route=\/wp\/v2\/pages"}],"about":[{"href":"http:\/\/www.festiwalteatruotwartego.pl\/index.php?rest_route=\/wp\/v2\/types\/page"}],"author":[{"embeddable":true,"href":"http:\/\/www.festiwalteatruotwartego.pl\/index.php?rest_route=\/wp\/v2\/users\/2"}],"replies":[{"embeddable":true,"href":"http:\/\/www.festiwalteatruotwartego.pl\/index.php?rest_route=%2Fwp%2Fv2%2Fcomments&post=10708"}],"version-history":[{"count":1,"href":"http:\/\/www.festiwalteatruotwartego.pl\/index.php?rest_route=\/wp\/v2\/pages\/10708\/revisions"}],"predecessor-version":[{"id":10709,"href":"http:\/\/www.festiwalteatruotwartego.pl\/index.php?rest_route=\/wp\/v2\/pages\/10708\/revisions\/10709"}],"wp:attachment":[{"href":"http:\/\/www.festiwalteatruotwartego.pl\/index.php?rest_route=%2Fwp%2Fv2%2Fmedia&parent=10708"}],"curies":[{"name":"wp","href":"https:\/\/api.w.org\/{rel}","templated":true}]}}