{"id":208,"date":"2013-06-26T09:25:56","date_gmt":"2013-06-26T09:25:56","guid":{"rendered":"http:\/\/www.festiwalteatruotwartego.pl\/?page_id=208"},"modified":"2021-07-07T11:33:11","modified_gmt":"2021-07-07T11:33:11","slug":"kontakt","status":"publish","type":"page","link":"http:\/\/www.festiwalteatruotwartego.pl\/?page_id=208","title":{"rendered":"Kontakt"},"content":{"rendered":"<h4>\u015awidnicki O\u015brodek Kultury<\/h4>\n<p>Rynek 43, 58-100 \u015awidnica<br \/>\ntelefon:&nbsp;74 851 56 57&nbsp;lub&nbsp;74 852 29 78<br \/>\nfax: 74 851 56 61<\/p>\n<p>Koordynatork\u0105 projektu jest p. <a href=\"mailto:h.szymanska@sok.com.pl\">Halina Szyma\u0144ska<\/a>.<\/p>\n","protected":false},"excerpt":{"rendered":"<p>\u015awidnicki O\u015brodek Kultury Rynek 43, 58-100 \u015awidnica telefon:&nbsp;74 851 56 57&nbsp;lub&nbsp;74 852 29 78 fax: 74 851 56 61 Koordynatork\u0105 projektu jest p. Halina Szyma\u0144ska.<\/p>\n","protected":false},"author":1,"featured_media":0,"parent":0,"menu_order":0,"comment_status":"closed","ping_status":"open","template":"","meta":{"ngg_post_thumbnail":0},"_links":{"self":[{"href":"http:\/\/www.festiwalteatruotwartego.pl\/index.php?rest_route=\/wp\/v2\/pages\/208"}],"collection":[{"href":"http:\/\/www.festiwalteatruotwartego.pl\/index.php?rest_route=\/wp\/v2\/pages"}],"about":[{"href":"http:\/\/www.festiwalteatruotwartego.pl\/index.php?rest_route=\/wp\/v2\/types\/page"}],"author":[{"embeddable":true,"href":"http:\/\/www.festiwalteatruotwartego.pl\/index.php?rest_route=\/wp\/v2\/users\/1"}],"replies":[{"embeddable":true,"href":"http:\/\/www.festiwalteatruotwartego.pl\/index.php?rest_route=%2Fwp%2Fv2%2Fcomments&post=208"}],"version-history":[{"count":2,"href":"http:\/\/www.festiwalteatruotwartego.pl\/index.php?rest_route=\/wp\/v2\/pages\/208\/revisions"}],"predecessor-version":[{"id":6427,"href":"http:\/\/www.festiwalteatruotwartego.pl\/index.php?rest_route=\/wp\/v2\/pages\/208\/revisions\/6427"}],"wp:attachment":[{"href":"http:\/\/www.festiwalteatruotwartego.pl\/index.php?rest_route=%2Fwp%2Fv2%2Fmedia&parent=208"}],"curies":[{"name":"wp","href":"https:\/\/api.w.org\/{rel}","templated":true}]}}