{"id":33,"date":"2013-06-13T08:00:08","date_gmt":"2013-06-13T08:00:08","guid":{"rendered":"http:\/\/www.festiwalteatruotwartego.pl\/?page_id=33"},"modified":"2023-07-03T09:32:52","modified_gmt":"2023-07-03T09:32:52","slug":"idea-2","status":"publish","type":"page","link":"http:\/\/www.festiwalteatruotwartego.pl\/?page_id=33","title":{"rendered":"Idea"},"content":{"rendered":"\n<div class=\"wp-block-group\"><div class=\"wp-block-group__inner-container\">\n<p class=\"has-text-align-left\">Festiwal Teatru Otwartego to powi\u0105zanie i pokazanie r\u00f3\u017cnych form teatralnych profesjonalnych i amatorskich oraz nadaniu ca\u0142o\u015bci charakteru dynamicznego, ale otwartego dla ka\u017cdego widza.<\/p>\n\n\n\n<p class=\"has-text-align-left\">Festiwal Teatru Otwartego&nbsp;to spektakle sceniczne, happeningi plastyczne, wyk\u0142ady, dyskusje, z nastawieniem na spektakle uliczne. Coraz cz\u0119\u015bciej m\u00f3wi si\u0119, \u017ce dzi\u015b to, co warto\u015bciowe, tworzy si\u0119 na obrze\u017cach teatru, \u017ce tam rodz\u0105 si\u0119 nowe formy \u2014 nowy, odwa\u017cny teatr. I temu w\u0142a\u015bnie po\u015bwi\u0119cony jest Festiwal Teatru Otwartego \u2014 skonfrontowaniu teatru instytucjonalnego, z ambitnym repertuarem teatr\u00f3w \u201enieformalnych\u201d, ze szczeg\u00f3lnym uwzgl\u0119dnieniem tego, co istotnego i wa\u017cnego dzieje si\u0119 w samym teatrze.<\/p>\n\n\n\n<p>W Festiwalu udzia\u0142 bior\u0105 znacz\u0105ce polskie i zagraniczne grupy teatralne, tradycyjnie ofert\u0119 programow\u0105 poszerzamy o propozycje grup z Dolnego \u015al\u0105ska. Wst\u0119p na wszystkie propozycje w ramach Festiwalu jest wolny.<\/p>\n\n\n\n<p>Festiwal Teatru Otwartego stanowi atrakcj\u0119 kulturalno-turystyczn\u0105 regionu, a jego kontynuowanie&nbsp;to zachowanie tradycji teatralnej wpisanej w region Dolnego \u015al\u0105ska i zaspakajanie potrzeb kulturalnych dolno\u015bl\u0105zak\u00f3w oraz turyst\u00f3w.<\/p>\n\n\n\n<p>Realizacja Festiwalu Teatru Otwartego ma bardzo du\u017cy wp\u0142yw na promocj\u0119 kultury Dolnego \u015al\u0105ska, przek\u0142ada si\u0119 to tak\u017ce na ilo\u015b\u0107 widz\u00f3w podczas przedstawie\u0144, kt\u00f3ra z roku na rok powi\u0119ksza si\u0119.<br><\/p>\n<\/div><\/div>\n","protected":false},"excerpt":{"rendered":"","protected":false},"author":1,"featured_media":0,"parent":0,"menu_order":0,"comment_status":"closed","ping_status":"open","template":"","meta":{"ngg_post_thumbnail":0},"_links":{"self":[{"href":"http:\/\/www.festiwalteatruotwartego.pl\/index.php?rest_route=\/wp\/v2\/pages\/33"}],"collection":[{"href":"http:\/\/www.festiwalteatruotwartego.pl\/index.php?rest_route=\/wp\/v2\/pages"}],"about":[{"href":"http:\/\/www.festiwalteatruotwartego.pl\/index.php?rest_route=\/wp\/v2\/types\/page"}],"author":[{"embeddable":true,"href":"http:\/\/www.festiwalteatruotwartego.pl\/index.php?rest_route=\/wp\/v2\/users\/1"}],"replies":[{"embeddable":true,"href":"http:\/\/www.festiwalteatruotwartego.pl\/index.php?rest_route=%2Fwp%2Fv2%2Fcomments&post=33"}],"version-history":[{"count":24,"href":"http:\/\/www.festiwalteatruotwartego.pl\/index.php?rest_route=\/wp\/v2\/pages\/33\/revisions"}],"predecessor-version":[{"id":9237,"href":"http:\/\/www.festiwalteatruotwartego.pl\/index.php?rest_route=\/wp\/v2\/pages\/33\/revisions\/9237"}],"wp:attachment":[{"href":"http:\/\/www.festiwalteatruotwartego.pl\/index.php?rest_route=%2Fwp%2Fv2%2Fmedia&parent=33"}],"curies":[{"name":"wp","href":"https:\/\/api.w.org\/{rel}","templated":true}]}}