{"id":6482,"date":"2021-07-08T09:40:56","date_gmt":"2021-07-08T09:40:56","guid":{"rendered":"http:\/\/www.festiwalteatruotwartego.pl\/?page_id=6482"},"modified":"2021-07-08T09:49:40","modified_gmt":"2021-07-08T09:49:40","slug":"xvi-festiwal-teatru-otwartego-2013","status":"publish","type":"page","link":"http:\/\/www.festiwalteatruotwartego.pl\/?page_id=6482","title":{"rendered":"XVI Festiwal Teatru Otwartego 2013"},"content":{"rendered":"\n<p><\/p>\n\n\n\n<p>Festiwal Teatru Otwartego&nbsp;to powi\u0105zanie i pokazanie r\u00f3\u017cnych form teatralnych profesjonalnych i amatorskich \u2013 od spektakli scenicznych, poprzez happeningi plastyczne, wyk\u0142ady, dyskusje, z nastawieniem na spektakle uliczne \u2013 i nadanie ca\u0142o\u015bci zdarze\u0144 charakteru dynamicznego, ale otwartego dla ka\u017cdego widza.<\/p>\n\n\n\n<p>Podczas kolejnej edycji Festiwalu go\u015bcimy:<\/p>\n\n\n\n<ul><li>Teatr Novogo Fronta z Czech, <\/li><li>Teatr Gry i Ludzie z Katowic, <\/li><li>Teatr Akt z Warszawy, <\/li><li>Teatr na Walizkach z Wroc\u0142awia, <\/li><li>Teatr na Bruku z Wroc\u0142awia, <\/li><li>Teatr A3 z Warszawy, <\/li><li>Teatr Nikoli &nbsp;z Krakowa. <\/li><\/ul>\n\n\n\n<p>Zobaczymy tak\u017ce prezentacje w wykonaniu \u015awidniczan, za\u015b dla dzieci Stref\u0119 zabawy poprowadz\u0105 animatorzy Ale Hecy.<\/p>\n\n\n\n<hr class=\"wp-block-separator is-style-wide\"\/>\n\n\n\n<p>Imprez\u0105 towarzysz\u0105c\u0105 b\u0119dzie projekt &nbsp;<a href=\"http:\/\/www.sok.com.pl\/warto-wiedziec-ze-fundusze-europejskie-wokol-nas\/\"><strong>\u201eWarto wiedzie\u0107, \u017ce \u2026 \u2013 Fundusze Europejskie wok\u00f3\u0142 nas\u201d<\/strong><\/a><\/p>\n\n\n\n<div class=\"wp-block-image\"><figure class=\"aligncenter size-large\"><img loading=\"lazy\" width=\"666\" height=\"940\" src=\"http:\/\/www.festiwalteatruotwartego.pl\/wp-content\/uploads\/2021\/07\/16FTO-plakat-B2-666x940-1.jpg\" alt=\"\" class=\"wp-image-6483\" srcset=\"http:\/\/www.festiwalteatruotwartego.pl\/wp-content\/uploads\/2021\/07\/16FTO-plakat-B2-666x940-1.jpg 666w, http:\/\/www.festiwalteatruotwartego.pl\/wp-content\/uploads\/2021\/07\/16FTO-plakat-B2-666x940-1-213x300.jpg 213w\" sizes=\"(max-width: 666px) 100vw, 666px\" \/><\/figure><\/div>\n","protected":false},"excerpt":{"rendered":"<p>Festiwal Teatru Otwartego&nbsp;to powi\u0105zanie i pokazanie r\u00f3\u017cnych form teatralnych profesjonalnych i amatorskich \u2013 od spektakli scenicznych, poprzez happeningi plastyczne, wyk\u0142ady, dyskusje, z nastawieniem na spektakle uliczne \u2013 i nadanie ca\u0142o\u015bci zdarze\u0144 charakteru dynamicznego, ale otwartego dla ka\u017cdego widza. Podczas kolejnej edycji Festiwalu go\u015bcimy: Teatr Novogo Fronta z Czech, Teatr Gry i Ludzie z Katowic, Teatr Akt z Warszawy, Teatr na Walizkach z Wroc\u0142awia, Teatr na Bruku z Wroc\u0142awia, Teatr A3 z Warszawy, Teatr Nikoli &nbsp;z Krakowa. Zobaczymy tak\u017ce prezentacje w wykonaniu \u015awidniczan, za\u015b dla dzieci Stref\u0119 zabawy poprowadz\u0105 animatorzy Ale Hecy. Imprez\u0105 towarzysz\u0105c\u0105 b\u0119dzie projekt &nbsp;\u201eWarto wiedzie\u0107, \u017ce \u2026 \u2013 Fundusze Europejskie wok\u00f3\u0142 nas\u201d<\/p>\n","protected":false},"author":4,"featured_media":0,"parent":0,"menu_order":0,"comment_status":"closed","ping_status":"closed","template":"","meta":{"ngg_post_thumbnail":0},"_links":{"self":[{"href":"http:\/\/www.festiwalteatruotwartego.pl\/index.php?rest_route=\/wp\/v2\/pages\/6482"}],"collection":[{"href":"http:\/\/www.festiwalteatruotwartego.pl\/index.php?rest_route=\/wp\/v2\/pages"}],"about":[{"href":"http:\/\/www.festiwalteatruotwartego.pl\/index.php?rest_route=\/wp\/v2\/types\/page"}],"author":[{"embeddable":true,"href":"http:\/\/www.festiwalteatruotwartego.pl\/index.php?rest_route=\/wp\/v2\/users\/4"}],"replies":[{"embeddable":true,"href":"http:\/\/www.festiwalteatruotwartego.pl\/index.php?rest_route=%2Fwp%2Fv2%2Fcomments&post=6482"}],"version-history":[{"count":6,"href":"http:\/\/www.festiwalteatruotwartego.pl\/index.php?rest_route=\/wp\/v2\/pages\/6482\/revisions"}],"predecessor-version":[{"id":6492,"href":"http:\/\/www.festiwalteatruotwartego.pl\/index.php?rest_route=\/wp\/v2\/pages\/6482\/revisions\/6492"}],"wp:attachment":[{"href":"http:\/\/www.festiwalteatruotwartego.pl\/index.php?rest_route=%2Fwp%2Fv2%2Fmedia&parent=6482"}],"curies":[{"name":"wp","href":"https:\/\/api.w.org\/{rel}","templated":true}]}}