{"id":9209,"date":"2022-07-13T12:10:06","date_gmt":"2022-07-13T12:10:06","guid":{"rendered":"http:\/\/www.festiwalteatruotwartego.pl\/?page_id=9209"},"modified":"2026-02-18T08:41:53","modified_gmt":"2026-02-18T08:41:53","slug":"9209-2","status":"publish","type":"page","link":"http:\/\/www.festiwalteatruotwartego.pl\/","title":{"rendered":""},"content":{"rendered":"\n<p><\/p>\n\n\n\n<p><strong>Ju\u017c niebawem \u015awidnica ponownie zamieni si\u0119 w magiczn\u0105 przestrze\u0144 pe\u0142n\u0105 sztuki, u\u015bmiechu i kolor\u00f3w! Przed nami 28. Festiwalu Teatru Otwartego, kt\u00f3ry odb\u0119dzie si\u0119 w dniach 10\u201312 lipca 2026. Czeka nas weekend pe\u0142en niezwyk\u0142ych spektakli, pokaz\u00f3w, wystaw artystycznych i spotka\u0144 z teatrem w plenerze \u2013 dla du\u017cych i ma\u0142ych widz\u00f3w!<\/strong><br><br><\/p>\n\n\n\n<p><br><br><\/p>\n","protected":false},"excerpt":{"rendered":"<p>Ju\u017c niebawem \u015awidnica ponownie zamieni si\u0119 w magiczn\u0105 przestrze\u0144 pe\u0142n\u0105 sztuki, u\u015bmiechu i kolor\u00f3w! Przed nami 28. Festiwalu Teatru Otwartego, kt\u00f3ry odb\u0119dzie si\u0119 w dniach 10\u201312 lipca 2026. Czeka nas weekend pe\u0142en niezwyk\u0142ych spektakli, pokaz\u00f3w, wystaw artystycznych i spotka\u0144 z teatrem w plenerze \u2013 dla du\u017cych i ma\u0142ych widz\u00f3w!<\/p>\n","protected":false},"author":4,"featured_media":0,"parent":0,"menu_order":0,"comment_status":"closed","ping_status":"closed","template":"","meta":{"ngg_post_thumbnail":0},"_links":{"self":[{"href":"http:\/\/www.festiwalteatruotwartego.pl\/index.php?rest_route=\/wp\/v2\/pages\/9209"}],"collection":[{"href":"http:\/\/www.festiwalteatruotwartego.pl\/index.php?rest_route=\/wp\/v2\/pages"}],"about":[{"href":"http:\/\/www.festiwalteatruotwartego.pl\/index.php?rest_route=\/wp\/v2\/types\/page"}],"author":[{"embeddable":true,"href":"http:\/\/www.festiwalteatruotwartego.pl\/index.php?rest_route=\/wp\/v2\/users\/4"}],"replies":[{"embeddable":true,"href":"http:\/\/www.festiwalteatruotwartego.pl\/index.php?rest_route=%2Fwp%2Fv2%2Fcomments&post=9209"}],"version-history":[{"count":45,"href":"http:\/\/www.festiwalteatruotwartego.pl\/index.php?rest_route=\/wp\/v2\/pages\/9209\/revisions"}],"predecessor-version":[{"id":10706,"href":"http:\/\/www.festiwalteatruotwartego.pl\/index.php?rest_route=\/wp\/v2\/pages\/9209\/revisions\/10706"}],"wp:attachment":[{"href":"http:\/\/www.festiwalteatruotwartego.pl\/index.php?rest_route=%2Fwp%2Fv2%2Fmedia&parent=9209"}],"curies":[{"name":"wp","href":"https:\/\/api.w.org\/{rel}","templated":true}]}}